{"id":59513,"date":"2024-03-09T13:00:39","date_gmt":"2024-03-09T10:00:39","guid":{"rendered":"https:\/\/www.remgo.com\/11\/?page_id=59513"},"modified":"2026-02-04T12:49:18","modified_gmt":"2026-02-04T09:49:18","slug":"baska-sehirler","status":"publish","type":"page","link":"https:\/\/www.remgo.com\/11\/remzi_gokdag_kitaplar\/baska-sehirler\/","title":{"rendered":"Ba\u015fka \u015eehirler &#8211; Remzi G\u00f6kda\u011f"},"content":{"rendered":"\t\t<div data-elementor-type=\"wp-page\" data-elementor-id=\"59513\" class=\"elementor elementor-59513\" data-elementor-post-type=\"page\">\n\t\t\t\t\t\t<section class=\"elementor-section elementor-top-section elementor-element elementor-element-23d09b7 elementor-section-boxed elementor-section-height-default elementor-section-height-default\" data-id=\"23d09b7\" data-element_type=\"section\" data-e-type=\"section\">\n\t\t\t\t\t\t<div class=\"elementor-container elementor-column-gap-default\">\n\t\t\t\t\t<div class=\"elementor-column elementor-col-100 elementor-top-column elementor-element elementor-element-0961d27\" data-id=\"0961d27\" data-element_type=\"column\" data-e-type=\"column\">\n\t\t\t<div class=\"elementor-widget-wrap elementor-element-populated\">\n\t\t\t\t\t\t<div class=\"elementor-element elementor-element-17aac41 elementor-widget elementor-widget-spacer\" data-id=\"17aac41\" data-element_type=\"widget\" data-e-type=\"widget\" data-widget_type=\"spacer.default\">\n\t\t\t\t<div class=\"elementor-widget-container\">\n\t\t\t\t\t\t\t<div class=\"elementor-spacer\">\n\t\t\t<div class=\"elementor-spacer-inner\"><\/div>\n\t\t<\/div>\n\t\t\t\t\t\t<\/div>\n\t\t\t\t<\/div>\n\t\t\t\t\t<\/div>\n\t\t<\/div>\n\t\t\t\t\t<\/div>\n\t\t<\/section>\n\t\t\t\t<section class=\"elementor-section elementor-top-section elementor-element elementor-element-cca4009 elementor-section-boxed elementor-section-height-default elementor-section-height-default\" data-id=\"cca4009\" data-element_type=\"section\" data-e-type=\"section\">\n\t\t\t\t\t\t<div class=\"elementor-container elementor-column-gap-default\">\n\t\t\t\t\t<div class=\"elementor-column elementor-col-100 elementor-top-column elementor-element elementor-element-16820eb\" data-id=\"16820eb\" data-element_type=\"column\" data-e-type=\"column\">\n\t\t\t<div class=\"elementor-widget-wrap elementor-element-populated\">\n\t\t\t\t\t\t<div class=\"elementor-element elementor-element-20c4354 elementor-widget elementor-widget-text-editor\" data-id=\"20c4354\" data-element_type=\"widget\" data-e-type=\"widget\" data-widget_type=\"text-editor.default\">\n\t\t\t\t<div class=\"elementor-widget-container\">\n\t\t\t\t\t\t\t\t\t<div class=\"post-subtitle single56__subtitle component56\">Bir zamanlar sadece tarih kitaplar\u0131n\u0131n tozlu sayfalar\u0131nda kalm\u0131\u015f gibi g\u00f6r\u00fcnen olaylar ve ki\u015filer, bu kitapla yeniden canlan\u0131yor. Her biri kendi alan\u0131nda birer efsane olan isimlerin rehberli\u011finde \u00e7\u0131kt\u0131\u011f\u0131n\u0131z bu yolculukta, \u015fehirlerin ge\u00e7mi\u015finde b\u0131rakt\u0131klar\u0131 izlere tan\u0131kl\u0131k edeceksiniz. Onlar\u0131n hik\u00e2yeleri, ya\u015fad\u0131klar\u0131 sokaklarda, tan\u0131d\u0131klar\u0131 insanlarda ve payla\u015ft\u0131klar\u0131 an\u0131larda yank\u0131lan\u0131yor. E\u011fer seyahat etmeyi seviyor, yeni yerler ke\u015ffetmenin heyecan\u0131n\u0131 \u00f6zl\u00fcyorsan\u0131z, bu kitap sizi d\u00fc\u015fsel bir yolculu\u011fa davet ediyor. \u015eehirlerin unutulmaz an\u0131lar\u0131n\u0131, kendi an\u0131lar\u0131n\u0131zla harmanlayacak ve her sayfada ge\u00e7mi\u015fin izlerini tazeleyeceksiniz. Bu, sadece bir okuma deneyimi de\u011fil, ayn\u0131 zamanda ge\u00e7mi\u015fe do\u011fru bir ke\u015fif ve hat\u0131rlama yolculu\u011fu.<\/div>\t\t\t\t\t\t\t\t<\/div>\n\t\t\t\t<\/div>\n\t\t\t\t\t<\/div>\n\t\t<\/div>\n\t\t\t\t\t<\/div>\n\t\t<\/section>\n\t\t\t\t<section class=\"elementor-section elementor-top-section elementor-element elementor-element-6fa37de elementor-section-boxed elementor-section-height-default elementor-section-height-default\" data-id=\"6fa37de\" data-element_type=\"section\" data-e-type=\"section\">\n\t\t\t\t\t\t<div class=\"elementor-container elementor-column-gap-default\">\n\t\t\t\t\t<div class=\"elementor-column elementor-col-100 elementor-top-column elementor-element elementor-element-1f9169d\" data-id=\"1f9169d\" data-element_type=\"column\" data-e-type=\"column\">\n\t\t\t<div class=\"elementor-widget-wrap elementor-element-populated\">\n\t\t\t\t\t\t<div class=\"elementor-element elementor-element-0692177 elementor-widget elementor-widget-video\" data-id=\"0692177\" data-element_type=\"widget\" data-e-type=\"widget\" data-settings=\"{&quot;youtube_url&quot;:&quot;https:\\\/\\\/www.youtube.com\\\/embed\\\/19UE0JnO9zo&quot;,&quot;autoplay&quot;:&quot;yes&quot;,&quot;play_on_mobile&quot;:&quot;yes&quot;,&quot;video_type&quot;:&quot;youtube&quot;,&quot;controls&quot;:&quot;yes&quot;}\" data-widget_type=\"video.default\">\n\t\t\t\t<div class=\"elementor-widget-container\">\n\t\t\t\t\t\t\t<div class=\"elementor-wrapper elementor-open-inline\">\n\t\t\t<div class=\"elementor-video\"><\/div>\t\t<\/div>\n\t\t\t\t\t\t<\/div>\n\t\t\t\t<\/div>\n\t\t\t\t\t<\/div>\n\t\t<\/div>\n\t\t\t\t\t<\/div>\n\t\t<\/section>\n\t\t\t\t<section class=\"elementor-section elementor-top-section elementor-element elementor-element-757276d elementor-section-boxed elementor-section-height-default elementor-section-height-default\" data-id=\"757276d\" data-element_type=\"section\" data-e-type=\"section\">\n\t\t\t\t\t\t<div class=\"elementor-container elementor-column-gap-default\">\n\t\t\t\t\t<div class=\"elementor-column elementor-col-100 elementor-top-column elementor-element elementor-element-ef364af\" data-id=\"ef364af\" data-element_type=\"column\" data-e-type=\"column\">\n\t\t\t<div class=\"elementor-widget-wrap elementor-element-populated\">\n\t\t\t\t\t\t<div class=\"elementor-element elementor-element-834681c elementor-widget elementor-widget-text-editor\" data-id=\"834681c\" data-element_type=\"widget\" data-e-type=\"widget\" data-widget_type=\"text-editor.default\">\n\t\t\t\t<div class=\"elementor-widget-container\">\n\t\t\t\t\t\t\t\t\t<p class=\"my-2 [&amp;+p]:mt-4 [&amp;_strong:has(+br)]:inline-block [&amp;_strong:has(+br)]:pb-2\"><strong>Efsane \u0130simlerin \u0130zinde Gizemli Yolculuklar<\/strong><\/p><p>Yazar Remzi G\u00f6kda\u011f, Ba\u015fka \u015eehirler \u2013 Efsane \u0130simlerin \u0130zinde Gizemli Yolculuklar\u2019da okuru d\u00fc\u015fle ger\u00e7e\u011fin i\u00e7 i\u00e7e ge\u00e7ti\u011fi benzersiz bir seyahate \u00e7\u0131kar\u0131yor. Yirmi efsane ismin izinde yirmi farkl\u0131 kente uzanan bu yolculuk, klasik bir gezi kitab\u0131n\u0131n s\u0131n\u0131rlar\u0131n\u0131 a\u015farak \u015fehirleri haf\u0131za, hik\u00e2ye ve hayaletler \u00fczerinden yeniden kuruyor.<\/p><p>Alp Da\u011flar\u0131\u2019n\u0131n b\u00fcy\u00fcleyici yama\u00e7lar\u0131ndan \u201cVah\u015fi Bat\u0131\u201dn\u0131n u\u00e7suz bucaks\u0131z \u00e7\u00f6llerine uzanan bu anlat\u0131, hem co\u011frafi hem de ruhani bir ke\u015fif rotas\u0131 \u00e7iziyor. Her \u015fehir, ona rehberlik eden ismin ki\u015fisel an\u0131lar\u0131, ya\u015fam \u00f6yk\u00fcs\u00fc ve \u00f6zg\u00fcn bak\u0131\u015f a\u00e7\u0131s\u0131yla yeniden anlam kazan\u0131yor; okur, yaln\u0131zca sokaklar\u0131 ve meydanlar\u0131 de\u011fil, o kentin ruhunu ve katman katman birikmi\u015f ya\u015fanm\u0131\u015fl\u0131klar\u0131n\u0131 da deneyimliyor.<\/p><p>Kitab\u0131n ilk dura\u011f\u0131, Marco Polo\u2019nun do\u011fdu\u011fu \u015fehir Cenova. Kapa\u011f\u0131 s\u00fcsleyen o \u00fcnl\u00fc deniz feneri, G\u00f6kda\u011f\u2019\u0131n anlat\u0131s\u0131nda yaln\u0131zca bir mimari unsur de\u011fil, kentin haf\u0131zas\u0131n\u0131 ayd\u0131nlatan simgesel bir odak noktas\u0131na d\u00f6n\u00fc\u015f\u00fcyor. Bir zamanlar Avrupa\u2019y\u0131 okyanuslar\u0131n \u00f6tesindeki gizemli limanlara ba\u011flayan bu liman kenti, bug\u00fcn s\u0131radan bir Avrupa \u015fehri gibi g\u00f6r\u00fcnse de, yazar\u0131n izinde dar sokaklar\u0131nda dola\u015f\u0131rken g\u00f6rkemli ge\u00e7mi\u015finin g\u00f6lgeleriyle kar\u015f\u0131la\u015f\u0131yoruz.<\/p><p>Remzi G\u00f6kda\u011f, \u201cturistik rehber\u201d kal\u0131plar\u0131n\u0131 \u00f6zellikle k\u0131r\u0131yor; okuru m\u00fcze ve an\u0131t listelerine de\u011fil, hik\u00e2yelere, y\u00fczlere ve ayr\u0131nt\u0131lara \u00e7a\u011f\u0131r\u0131yor. \u015eehirlerin gizli kalm\u0131\u015f k\u00f6\u015felerini, tarihin unutulmu\u015f sahneleri ve unutulmaz karakterlerle harmanlayarak anlat\u0131rken, her b\u00f6l\u00fcmde hem bir mek\u00e2n\u0131 hem de o mek\u00e2nla \u00f6zde\u015fle\u015fmi\u015f bir ki\u015fili\u011fi merkezine al\u0131yor.<\/p><p>Kitap, Cenova\u2019da Marco Polo ile ba\u015fl\u0131yor; Amsterdam\u2019da Rembrandt\u2019\u0131n \u0131\u015f\u0131k ve g\u00f6lge oyunlar\u0131n\u0131n izini s\u00fcr\u00fcyor, Los Angeles\u2019ta Charles Bukowski\u2019nin sert ama \u015fiirsel d\u00fcnyas\u0131na sokak sokak e\u015flik ediyor. Berlin\u2019de Marlene Dietrich\u2019in b\u00fcy\u00fcleyici silueti belirirken, Pamplona\u2019da Ernest Hemingway\u2019in bo\u011falar\u0131n ard\u0131ndan ko\u015fan c\u00fcmlelerine, Paris\u2019te Robert Doisneau\u2019nun foto\u011fraflar\u0131na sinmi\u015f g\u00fcndelik mucizelere tan\u0131kl\u0131k ediyor; Prag\u2019da Milan Kundera\u2019n\u0131n varolu\u015fsal sorgulamalar\u0131, Z\u00fcrih\u2019te Lenin\u2019in s\u00fcrg\u00fcn g\u00fcnleri, San Francisco\u2019da Jack Kerouac\u2019\u0131n beat ruhu ve Palermo\u2019da Lampedusa\u2019n\u0131n kay\u0131p aristokrasisi okurun rotas\u0131n\u0131 belirliyor.<\/p><p>Yolculuk, Luzern\u2019de Mark Twain\u2019in mizahla \u00f6r\u00fcl\u00fc g\u00f6zlemlerine, Taos\u2019ta Kit Carson\u2019\u0131n iz s\u00fcrd\u00fc\u011f\u00fc topraklara ve Los Alamos\u2019ta Oppenheimer\u2019\u0131n g\u00f6lgesini ta\u015f\u0131yan laboratuvar sessizliklerine uzan\u0131yor. Porto\u2019da J.K. Rowling\u2019in hayal g\u00fcc\u00fcn\u00fc besleyen sokaklar\u0131n, Monterey\u2019de Jimi Hendrix\u2019in notalar\u0131na kar\u0131\u015fan deniz r\u00fczg\u00e2r\u0131n\u0131n, Bilbao\u2019da Frank Gehry\u2019nin cesur mimarisinin ve Bern\u2019de Albert Einstein\u2019\u0131n d\u00fcnyay\u0131 de\u011fi\u015ftiren d\u00fc\u015f\u00fcnce deneylerinin pe\u015fine d\u00fc\u015f\u00fcyoruz. Death Valley\u2019de Walter Scott\u2019\u0131n yank\u0131lanan ad\u0131mlar\u0131, Mainfeld\u2019de Johanna Spyri\u2019nin \u00e7ocukluk an\u0131lar\u0131yla \u0131\u015f\u0131ldayan k\u0131rlar\u0131 ve Arizona\u2019da Geronimo\u2019nun direni\u015fle \u00f6r\u00fcl\u00fc hik\u00e2yesi bu ke\u015fif atlas\u0131n\u0131n son duraklar\u0131n\u0131 olu\u015fturuyor.<\/p><p>Seyahat etmekten keyif alan, yeni yerler ke\u015ffetme tutkusunu i\u00e7inde ta\u015f\u0131yan okur i\u00e7in Ba\u015fka \u015eehirler, s\u0131radan bir rota listesi de\u011fil; ge\u00e7mi\u015fle bug\u00fcn aras\u0131nda k\u00f6pr\u00fc kuran, kay\u0131p hik\u00e2yeleri g\u00fcn y\u00fcz\u00fcne \u00e7\u0131karan bir ke\u015fif atlas\u0131. Her b\u00f6l\u00fcm, bitirdi\u011finizde d\u00f6n\u00fcp yeniden bakmak isteyece\u011finiz bir \u015fehir ve haf\u0131zan\u0131zda yer edecek bir \u201cefsane isim\u201d b\u0131rak\u0131yor.<\/p>\t\t\t\t\t\t\t\t<\/div>\n\t\t\t\t<\/div>\n\t\t\t\t\t<\/div>\n\t\t<\/div>\n\t\t\t\t\t<\/div>\n\t\t<\/section>\n\t\t\t\t<section class=\"elementor-section elementor-top-section elementor-element elementor-element-89edf8d elementor-section-boxed elementor-section-height-default elementor-section-height-default\" data-id=\"89edf8d\" data-element_type=\"section\" data-e-type=\"section\" data-settings=\"{&quot;background_background&quot;:&quot;classic&quot;}\">\n\t\t\t\t\t\t<div class=\"elementor-container elementor-column-gap-default\">\n\t\t\t\t\t<div class=\"elementor-column elementor-col-25 elementor-top-column elementor-element elementor-element-96a7432\" data-id=\"96a7432\" data-element_type=\"column\" data-e-type=\"column\">\n\t\t\t<div class=\"elementor-widget-wrap elementor-element-populated\">\n\t\t\t\t\t\t<div class=\"elementor-element elementor-element-42a5878 elementor-widget elementor-widget-image\" data-id=\"42a5878\" data-element_type=\"widget\" data-e-type=\"widget\" data-widget_type=\"image.default\">\n\t\t\t\t<div class=\"elementor-widget-container\">\n\t\t\t\t\t\t\t\t\t\t\t\t\t\t\t<img loading=\"lazy\" decoding=\"async\" width=\"390\" height=\"80\" src=\"https:\/\/www.remgo.com\/11\/wp-content\/uploads\/2020\/11\/sozcu.png\" class=\"attachment-large size-large wp-image-59525\" alt=\"\" srcset=\"https:\/\/www.remgo.com\/11\/wp-content\/uploads\/2020\/11\/sozcu.png 390w, https:\/\/www.remgo.com\/11\/wp-content\/uploads\/2020\/11\/sozcu-60x12.png 60w\" sizes=\"auto, (max-width: 390px) 100vw, 390px\" title=\"\">\t\t\t\t\t\t\t\t\t\t\t\t\t\t\t<\/div>\n\t\t\t\t<\/div>\n\t\t\t\t<div class=\"elementor-element elementor-element-7916bbd elementor-widget elementor-widget-image\" data-id=\"7916bbd\" data-element_type=\"widget\" data-e-type=\"widget\" data-widget_type=\"image.default\">\n\t\t\t\t<div class=\"elementor-widget-container\">\n\t\t\t\t\t\t\t\t\t\t\t\t\t\t\t\t<a href=\"https:\/\/www.remgo.com\/11\/kendimi-bildim-bileli-gezginim\/\" target=\"_blank\" rel=\"nofollow\">\n\t\t\t\t\t\t\t<img loading=\"lazy\" decoding=\"async\" width=\"390\" height=\"80\" src=\"https:\/\/www.remgo.com\/11\/wp-content\/uploads\/2020\/11\/atlas.png\" class=\"attachment-large size-large wp-image-59518\" alt=\"\" srcset=\"https:\/\/www.remgo.com\/11\/wp-content\/uploads\/2020\/11\/atlas.png 390w, https:\/\/www.remgo.com\/11\/wp-content\/uploads\/2020\/11\/atlas-60x12.png 60w\" sizes=\"auto, (max-width: 390px) 100vw, 390px\" title=\"\">\t\t\t\t\t\t\t\t<\/a>\n\t\t\t\t\t\t\t\t\t\t\t\t\t\t\t<\/div>\n\t\t\t\t<\/div>\n\t\t\t\t\t<\/div>\n\t\t<\/div>\n\t\t\t\t<div class=\"elementor-column elementor-col-25 elementor-top-column elementor-element elementor-element-28d34e6\" data-id=\"28d34e6\" data-element_type=\"column\" data-e-type=\"column\">\n\t\t\t<div class=\"elementor-widget-wrap elementor-element-populated\">\n\t\t\t\t\t\t<div class=\"elementor-element elementor-element-3801b2e elementor-widget elementor-widget-image\" data-id=\"3801b2e\" data-element_type=\"widget\" data-e-type=\"widget\" data-widget_type=\"image.default\">\n\t\t\t\t<div class=\"elementor-widget-container\">\n\t\t\t\t\t\t\t\t\t\t\t\t\t\t\t\t<a href=\"http:\/\/www.hurriyet.com.tr\/seyahat\/yazarlar\/ismail-sari\/8-kitapla-dunya-turu-41348477\" target=\"_blank\" rel=\"nofollow noopener\">\n\t\t\t\t\t\t\t<img loading=\"lazy\" decoding=\"async\" width=\"390\" height=\"80\" src=\"https:\/\/www.remgo.com\/11\/wp-content\/uploads\/2020\/11\/hurriyet.png\" class=\"attachment-large size-large wp-image-59522\" alt=\"\" srcset=\"https:\/\/www.remgo.com\/11\/wp-content\/uploads\/2020\/11\/hurriyet.png 390w, https:\/\/www.remgo.com\/11\/wp-content\/uploads\/2020\/11\/hurriyet-60x12.png 60w\" sizes=\"auto, (max-width: 390px) 100vw, 390px\" title=\"\">\t\t\t\t\t\t\t\t<\/a>\n\t\t\t\t\t\t\t\t\t\t\t\t\t\t\t<\/div>\n\t\t\t\t<\/div>\n\t\t\t\t<div class=\"elementor-element elementor-element-4678460 elementor-widget elementor-widget-image\" data-id=\"4678460\" data-element_type=\"widget\" data-e-type=\"widget\" data-widget_type=\"image.default\">\n\t\t\t\t<div class=\"elementor-widget-container\">\n\t\t\t\t\t\t\t\t\t\t\t\t\t\t\t\t<a href=\"https:\/\/suleymanboyoglu.blogspot.com\/2019\/10\/baska-sehirler.html\" target=\"_blank\" rel=\"nofollow noopener\">\n\t\t\t\t\t\t\t<img loading=\"lazy\" decoding=\"async\" width=\"320\" height=\"60\" src=\"https:\/\/www.remgo.com\/11\/wp-content\/uploads\/2025\/09\/babiali.jpg\" class=\"attachment-large size-large wp-image-101081\" alt=\"bab\u0131ali\" srcset=\"https:\/\/www.remgo.com\/11\/wp-content\/uploads\/2025\/09\/babiali.jpg 320w, https:\/\/www.remgo.com\/11\/wp-content\/uploads\/2025\/09\/babiali-60x11.jpg 60w\" sizes=\"auto, (max-width: 320px) 100vw, 320px\" title=\"\">\t\t\t\t\t\t\t\t<\/a>\n\t\t\t\t\t\t\t\t\t\t\t\t\t\t\t<\/div>\n\t\t\t\t<\/div>\n\t\t\t\t\t<\/div>\n\t\t<\/div>\n\t\t\t\t<div class=\"elementor-column elementor-col-25 elementor-top-column elementor-element elementor-element-db67f62\" data-id=\"db67f62\" data-element_type=\"column\" data-e-type=\"column\">\n\t\t\t<div class=\"elementor-widget-wrap elementor-element-populated\">\n\t\t\t\t\t\t<div class=\"elementor-element elementor-element-6d54297 elementor-widget elementor-widget-image\" data-id=\"6d54297\" data-element_type=\"widget\" data-e-type=\"widget\" data-widget_type=\"image.default\">\n\t\t\t\t<div class=\"elementor-widget-container\">\n\t\t\t\t\t\t\t\t\t\t\t\t\t\t\t\t<a href=\"http:\/\/www.milliyetsanat.com\/haberler\/edebiyat\/efsane-isimlerin-izinde-baska-sehirler\/11968\" target=\"_blank\" rel=\"nofollow noopener\">\n\t\t\t\t\t\t\t<img loading=\"lazy\" decoding=\"async\" width=\"390\" height=\"80\" src=\"https:\/\/www.remgo.com\/11\/wp-content\/uploads\/2020\/11\/milliyet.png\" class=\"attachment-large size-large wp-image-59524\" alt=\"\" srcset=\"https:\/\/www.remgo.com\/11\/wp-content\/uploads\/2020\/11\/milliyet.png 390w, https:\/\/www.remgo.com\/11\/wp-content\/uploads\/2020\/11\/milliyet-60x12.png 60w\" sizes=\"auto, (max-width: 390px) 100vw, 390px\" title=\"\">\t\t\t\t\t\t\t\t<\/a>\n\t\t\t\t\t\t\t\t\t\t\t\t\t\t\t<\/div>\n\t\t\t\t<\/div>\n\t\t\t\t<div class=\"elementor-element elementor-element-8e32587 elementor-widget elementor-widget-image\" data-id=\"8e32587\" data-element_type=\"widget\" data-e-type=\"widget\" data-widget_type=\"image.default\">\n\t\t\t\t<div class=\"elementor-widget-container\">\n\t\t\t\t\t\t\t\t\t\t\t\t\t\t\t\t<a href=\"https:\/\/www.aydinlik.com.tr\/haber\/efsane-isimlerin-izinde-baska-sehirler-134507\" target=\"_blank\" rel=\"nofollow noopener\">\n\t\t\t\t\t\t\t<img loading=\"lazy\" decoding=\"async\" width=\"390\" height=\"80\" src=\"https:\/\/www.remgo.com\/11\/wp-content\/uploads\/2020\/11\/aydinlik.png\" class=\"attachment-large size-large wp-image-59519\" alt=\"\" srcset=\"https:\/\/www.remgo.com\/11\/wp-content\/uploads\/2020\/11\/aydinlik.png 390w, https:\/\/www.remgo.com\/11\/wp-content\/uploads\/2020\/11\/aydinlik-60x12.png 60w\" sizes=\"auto, (max-width: 390px) 100vw, 390px\" title=\"\">\t\t\t\t\t\t\t\t<\/a>\n\t\t\t\t\t\t\t\t\t\t\t\t\t\t\t<\/div>\n\t\t\t\t<\/div>\n\t\t\t\t\t<\/div>\n\t\t<\/div>\n\t\t\t\t<div class=\"elementor-column elementor-col-25 elementor-top-column elementor-element elementor-element-8133b50\" data-id=\"8133b50\" data-element_type=\"column\" data-e-type=\"column\">\n\t\t\t<div class=\"elementor-widget-wrap elementor-element-populated\">\n\t\t\t\t\t\t<div class=\"elementor-element elementor-element-d1ee305 elementor-widget elementor-widget-image\" data-id=\"d1ee305\" data-element_type=\"widget\" data-e-type=\"widget\" data-widget_type=\"image.default\">\n\t\t\t\t<div class=\"elementor-widget-container\">\n\t\t\t\t\t\t\t\t\t\t\t\t\t\t\t\t<a href=\"http:\/\/www.diken.com.tr\/baska-sehirlere-zaman-yolculugu\/\" target=\"_blank\" rel=\"nofollow noopener\">\n\t\t\t\t\t\t\t<img loading=\"lazy\" decoding=\"async\" width=\"390\" height=\"80\" src=\"https:\/\/www.remgo.com\/11\/wp-content\/uploads\/2020\/11\/diken.png\" class=\"attachment-large size-large wp-image-59521\" alt=\"\" srcset=\"https:\/\/www.remgo.com\/11\/wp-content\/uploads\/2020\/11\/diken.png 390w, https:\/\/www.remgo.com\/11\/wp-content\/uploads\/2020\/11\/diken-60x12.png 60w\" sizes=\"auto, (max-width: 390px) 100vw, 390px\" title=\"\">\t\t\t\t\t\t\t\t<\/a>\n\t\t\t\t\t\t\t\t\t\t\t\t\t\t\t<\/div>\n\t\t\t\t<\/div>\n\t\t\t\t<div class=\"elementor-element elementor-element-40eca9b elementor-widget elementor-widget-image\" data-id=\"40eca9b\" data-element_type=\"widget\" data-e-type=\"widget\" data-widget_type=\"image.default\">\n\t\t\t\t<div class=\"elementor-widget-container\">\n\t\t\t\t\t\t\t\t\t\t\t\t\t\t\t\t<a href=\"https:\/\/www.remgo.com\/11\/wp-content\/uploads\/2020\/11\/magma_ekim_2019.jpg\" target=\"_blank\" rel=\"nofollow\">\n\t\t\t\t\t\t\t<img loading=\"lazy\" decoding=\"async\" width=\"390\" height=\"80\" src=\"https:\/\/www.remgo.com\/11\/wp-content\/uploads\/2020\/11\/magma.png\" class=\"attachment-large size-large wp-image-59523\" alt=\"\" srcset=\"https:\/\/www.remgo.com\/11\/wp-content\/uploads\/2020\/11\/magma.png 390w, https:\/\/www.remgo.com\/11\/wp-content\/uploads\/2020\/11\/magma-60x12.png 60w\" sizes=\"auto, (max-width: 390px) 100vw, 390px\" title=\"\">\t\t\t\t\t\t\t\t<\/a>\n\t\t\t\t\t\t\t\t\t\t\t\t\t\t\t<\/div>\n\t\t\t\t<\/div>\n\t\t\t\t\t<\/div>\n\t\t<\/div>\n\t\t\t\t\t<\/div>\n\t\t<\/section>\n\t\t\t\t<\/div>\n\t\t","protected":false},"excerpt":{"rendered":"<p>20 kenti, 20 ismin rehberli\u011finde gezen Remzi G\u00f6kda\u011f, okuru d\u00fc\u015fle ger\u00e7ek aras\u0131nda gizemli yolculuklara davet ediyor.<\/p>\n","protected":false},"author":1,"featured_media":58235,"parent":63110,"menu_order":1,"comment_status":"closed","ping_status":"closed","template":"","meta":{"footnotes":""},"class_list":["post-59513","page","type-page","status-publish","has-post-thumbnail","hentry"],"_links":{"self":[{"href":"https:\/\/www.remgo.com\/11\/wp-json\/wp\/v2\/pages\/59513","targetHints":{"allow":["GET"]}}],"collection":[{"href":"https:\/\/www.remgo.com\/11\/wp-json\/wp\/v2\/pages"}],"about":[{"href":"https:\/\/www.remgo.com\/11\/wp-json\/wp\/v2\/types\/page"}],"author":[{"embeddable":true,"href":"https:\/\/www.remgo.com\/11\/wp-json\/wp\/v2\/users\/1"}],"replies":[{"embeddable":true,"href":"https:\/\/www.remgo.com\/11\/wp-json\/wp\/v2\/comments?post=59513"}],"version-history":[{"count":0,"href":"https:\/\/www.remgo.com\/11\/wp-json\/wp\/v2\/pages\/59513\/revisions"}],"up":[{"embeddable":true,"href":"https:\/\/www.remgo.com\/11\/wp-json\/wp\/v2\/pages\/63110"}],"wp:featuredmedia":[{"embeddable":true,"href":"https:\/\/www.remgo.com\/11\/wp-json\/wp\/v2\/media\/58235"}],"wp:attachment":[{"href":"https:\/\/www.remgo.com\/11\/wp-json\/wp\/v2\/media?parent=59513"}],"curies":[{"name":"wp","href":"https:\/\/api.w.org\/{rel}","templated":true}]}}